{"id":863,"date":"2022-03-21T10:43:40","date_gmt":"2022-03-21T14:43:40","guid":{"rendered":"https:\/\/soccerdescollines.com\/reglements\/"},"modified":"2025-12-15T09:45:04","modified_gmt":"2025-12-15T14:45:04","slug":"regulations","status":"publish","type":"page","link":"https:\/\/soccerdescollines.com\/en\/regulations\/","title":{"rendered":"Regulations"},"content":{"rendered":"\t\t<div data-elementor-type=\"wp-page\" data-elementor-id=\"863\" class=\"elementor elementor-863 elementor-861\" data-elementor-post-type=\"page\">\n\t\t\t\t\t\t<section class=\"elementor-section elementor-top-section elementor-element elementor-element-3510c2e8 elementor-section-boxed elementor-section-height-default elementor-section-height-default\" data-id=\"3510c2e8\" data-element_type=\"section\" data-e-type=\"section\">\n\t\t\t\t\t\t<div class=\"elementor-container elementor-column-gap-default\">\n\t\t\t\t\t<div class=\"elementor-column elementor-col-100 elementor-top-column elementor-element elementor-element-6fb64ea4\" data-id=\"6fb64ea4\" data-element_type=\"column\" data-e-type=\"column\">\n\t\t\t<div class=\"elementor-widget-wrap elementor-element-populated\">\n\t\t\t\t\t\t<div class=\"elementor-element elementor-element-246a1 elementor-widget elementor-widget-text-editor\" data-id=\"246a1\" data-element_type=\"widget\" data-e-type=\"widget\" data-widget_type=\"text-editor.default\">\n\t\t\t\t<div class=\"elementor-widget-container\">\n\t\t\t\t\t\t\t\t\t<p>Officially approved Regulations are French only\u00a0<\/p><ul><li><a style=\"background-color: #ffffff;\" href=\"https:\/\/soccerdescollines.sharepoint.com\/:w:\/g\/EXQjuVwnm8hGmEtuSyM0oc0B81JplONY4IbTodnHseHxoQ?e=LLxlGR\">R\u00e8glements G\u00e9n\u00e9raux CSDC<\/a><\/li><\/ul><p><span style=\"color: var( --e-global-color-dea41e4 ); font-family: var( --e-global-typography-b2ce6af-font-family ), Sans-serif; font-size: var( --e-global-typography-b2ce6af-font-size ); letter-spacing: var( --e-global-typography-b2ce6af-letter-spacing ); word-spacing: var( --e-global-typography-b2ce6af-word-spacing );\">The following translation is considered unofficial<\/span><\/p><ul><li><a href=\"https:\/\/soccerdescollines.sharepoint.com\/:w:\/g\/Ea-D8SrWfKVDjLveqlIXzHABqowstFSFavVFTrvBQSIhkw?e=1lA4vF\">R\u00e8glements G\u00e9n\u00e9raux CSDC English Translation<\/a>\u00a0<\/li><\/ul>\t\t\t\t\t\t\t\t<\/div>\n\t\t\t\t<\/div>\n\t\t\t\t<div class=\"elementor-element elementor-element-c05798c elementor-widget elementor-widget-heading\" data-id=\"c05798c\" data-element_type=\"widget\" data-e-type=\"widget\" data-widget_type=\"heading.default\">\n\t\t\t\t<div class=\"elementor-widget-container\">\n\t\t\t\t\t<h2 class=\"elementor-heading-title elementor-size-default\">2025 AGM<\/h2>\t\t\t\t<\/div>\n\t\t\t\t<\/div>\n\t\t\t\t<div class=\"elementor-element elementor-element-1a1a9b5 elementor-widget elementor-widget-text-editor\" data-id=\"1a1a9b5\" data-element_type=\"widget\" data-e-type=\"widget\" data-widget_type=\"text-editor.default\">\n\t\t\t\t<div class=\"elementor-widget-container\">\n\t\t\t\t\t\t\t\t\t<p>\u00a0<\/p><ul><li><a href=\"https:\/\/soccerdescollines.sharepoint.com\/:b:\/g\/IQBl_C2wXg0mTJwGJzMr-aD9ASBtB-vLwobKWNNZwKHplfQ?e=gVtfSL\">Minutes of the 2024 meeting<\/a><\/li><\/ul><p>\u00a0<\/p>\t\t\t\t\t\t\t\t<\/div>\n\t\t\t\t<\/div>\n\t\t\t\t<div class=\"elementor-element elementor-element-975c0c8 elementor-invisible elementor-widget elementor-widget-image\" data-id=\"975c0c8\" data-element_type=\"widget\" data-e-type=\"widget\" data-settings=\"{&quot;_animation&quot;:&quot;fadeIn&quot;}\" data-widget_type=\"image.default\">\n\t\t\t\t<div class=\"elementor-widget-container\">\n\t\t\t\t\t\t\t\t\t\t\t\t\t\t\t<img fetchpriority=\"high\" decoding=\"async\" width=\"300\" height=\"300\" src=\"https:\/\/soccerdescollines.com\/wp-content\/uploads\/2022\/03\/Logo_512x512-300x300.png\" class=\"attachment-medium size-medium wp-image-2797\" alt=\"\" srcset=\"https:\/\/soccerdescollines.com\/wp-content\/uploads\/2022\/03\/Logo_512x512-300x300.png 300w, https:\/\/soccerdescollines.com\/wp-content\/uploads\/2022\/03\/Logo_512x512-150x150.png 150w, https:\/\/soccerdescollines.com\/wp-content\/uploads\/2022\/03\/Logo_512x512.png 512w\" sizes=\"(max-width: 300px) 100vw, 300px\" \/>\t\t\t\t\t\t\t\t\t\t\t\t\t\t\t<\/div>\n\t\t\t\t<\/div>\n\t\t\t\t\t<\/div>\n\t\t<\/div>\n\t\t\t\t\t<\/div>\n\t\t<\/section>\n\t\t\t\t<\/div>\n\t\t","protected":false},"excerpt":{"rendered":"<p>Officially approved Regulations are French only\u00a0 R\u00e8glements G\u00e9n\u00e9raux CSDC The following translation is considered unofficial R\u00e8glements G\u00e9n\u00e9raux CSDC English Translation\u00a0 2025 AGM \u00a0 Minutes of the 2024 meeting \u00a0<\/p>\n","protected":false},"author":1,"featured_media":0,"parent":0,"menu_order":0,"comment_status":"closed","ping_status":"closed","template":"","meta":{"_monsterinsights_skip_tracking":false,"_monsterinsights_sitenote_active":false,"_monsterinsights_sitenote_note":"","_monsterinsights_sitenote_category":0,"_price":"","_stock":"","_tribe_ticket_header":"","_tribe_default_ticket_provider":"","_tribe_ticket_capacity":"0","_ticket_start_date":"","_ticket_end_date":"","_tribe_ticket_show_description":"","_tribe_ticket_show_not_going":false,"_tribe_ticket_use_global_stock":"","_tribe_ticket_global_stock_level":"","_global_stock_mode":"","_global_stock_cap":"","_tribe_rsvp_for_event":"","_tribe_ticket_going_count":"","_tribe_ticket_not_going_count":"","_tribe_tickets_list":"[]","_tribe_ticket_has_attendee_info_fields":false,"footnotes":"","_tec_slr_enabled":"","_tec_slr_layout":""},"class_list":["post-863","page","type-page","status-publish","hentry"],"aioseo_notices":[],"ticketed":false,"_links":{"self":[{"href":"https:\/\/soccerdescollines.com\/en\/wp-json\/wp\/v2\/pages\/863","targetHints":{"allow":["GET"]}}],"collection":[{"href":"https:\/\/soccerdescollines.com\/en\/wp-json\/wp\/v2\/pages"}],"about":[{"href":"https:\/\/soccerdescollines.com\/en\/wp-json\/wp\/v2\/types\/page"}],"author":[{"embeddable":true,"href":"https:\/\/soccerdescollines.com\/en\/wp-json\/wp\/v2\/users\/1"}],"replies":[{"embeddable":true,"href":"https:\/\/soccerdescollines.com\/en\/wp-json\/wp\/v2\/comments?post=863"}],"version-history":[{"count":71,"href":"https:\/\/soccerdescollines.com\/en\/wp-json\/wp\/v2\/pages\/863\/revisions"}],"predecessor-version":[{"id":13304,"href":"https:\/\/soccerdescollines.com\/en\/wp-json\/wp\/v2\/pages\/863\/revisions\/13304"}],"wp:attachment":[{"href":"https:\/\/soccerdescollines.com\/en\/wp-json\/wp\/v2\/media?parent=863"}],"curies":[{"name":"wp","href":"https:\/\/api.w.org\/{rel}","templated":true}]}}