{"id":11853,"date":"2025-04-03T02:45:10","date_gmt":"2025-04-03T06:45:10","guid":{"rendered":"https:\/\/soccerdescollines.com\/?page_id=11853"},"modified":"2025-04-29T11:22:41","modified_gmt":"2025-04-29T15:22:41","slug":"camp-schedule-u9-10","status":"publish","type":"page","link":"https:\/\/soccerdescollines.com\/en\/camp-schedule-u9-10\/","title":{"rendered":"Camp schedule u9\/10"},"content":{"rendered":"\t\t<div data-elementor-type=\"wp-page\" data-elementor-id=\"11853\" class=\"elementor elementor-11853 elementor-11809\" data-elementor-post-type=\"page\">\n\t\t\t\t\t\t<section class=\"elementor-section elementor-top-section elementor-element elementor-element-c419b1a elementor-section-boxed elementor-section-height-default elementor-section-height-default\" data-id=\"c419b1a\" data-element_type=\"section\" data-e-type=\"section\">\n\t\t\t\t\t\t<div class=\"elementor-container elementor-column-gap-default\">\n\t\t\t\t\t<div class=\"elementor-column elementor-col-33 elementor-top-column elementor-element elementor-element-eb34bab\" data-id=\"eb34bab\" data-element_type=\"column\" data-e-type=\"column\">\n\t\t\t<div class=\"elementor-widget-wrap elementor-element-populated\">\n\t\t\t\t\t\t<div class=\"elementor-element elementor-element-f6eee94 elementor-widget elementor-widget-theme-post-featured-image elementor-widget-image\" data-id=\"f6eee94\" data-element_type=\"widget\" data-e-type=\"widget\" data-widget_type=\"theme-post-featured-image.default\">\n\t\t\t\t<div class=\"elementor-widget-container\">\n\t\t\t\t\t\t\t\t\t\t\t\t<figure class=\"wp-caption\">\n\t\t\t\t\t\t\t\t\t\t\t<a href=\"https:\/\/soccerdescollines.com\/wp-content\/uploads\/2025\/04\/h1.png\">\n\t\t\t\t\t\t\t<img fetchpriority=\"high\" decoding=\"async\" width=\"800\" height=\"127\" src=\"https:\/\/soccerdescollines.com\/wp-content\/uploads\/2025\/04\/h1.png\" class=\"attachment-large size-large wp-image-12059\" alt=\"\" srcset=\"https:\/\/soccerdescollines.com\/wp-content\/uploads\/2025\/04\/h1.png 1016w, https:\/\/soccerdescollines.com\/wp-content\/uploads\/2025\/04\/h1-300x48.png 300w, https:\/\/soccerdescollines.com\/wp-content\/uploads\/2025\/04\/h1-768x122.png 768w\" sizes=\"(max-width: 800px) 100vw, 800px\" \/>\t\t\t\t\t\t\t\t<\/a>\n\t\t\t\t\t\t\t\t\t\t\t<figcaption class=\"widget-image-caption wp-caption-text\">day 1<\/figcaption>\n\t\t\t\t\t\t\t\t\t\t<\/figure>\n\t\t\t\t\t\t\t\t\t<\/div>\n\t\t\t\t<\/div>\n\t\t\t\t\t<\/div>\n\t\t<\/div>\n\t\t\t\t<div class=\"elementor-column elementor-col-33 elementor-top-column elementor-element elementor-element-bfc7b29\" data-id=\"bfc7b29\" data-element_type=\"column\" data-e-type=\"column\">\n\t\t\t<div class=\"elementor-widget-wrap elementor-element-populated\">\n\t\t\t\t\t\t<div class=\"elementor-element elementor-element-a3d4c26 elementor-widget elementor-widget-theme-post-featured-image elementor-widget-image\" data-id=\"a3d4c26\" data-element_type=\"widget\" data-e-type=\"widget\" data-widget_type=\"theme-post-featured-image.default\">\n\t\t\t\t<div class=\"elementor-widget-container\">\n\t\t\t\t\t\t\t\t\t\t\t\t<figure class=\"wp-caption\">\n\t\t\t\t\t\t\t\t\t\t\t<a href=\"https:\/\/soccerdescollines.com\/wp-content\/uploads\/2025\/04\/h2.png\">\n\t\t\t\t\t\t\t<img decoding=\"async\" width=\"800\" height=\"148\" src=\"https:\/\/soccerdescollines.com\/wp-content\/uploads\/2025\/04\/h2.png\" class=\"attachment-large size-large wp-image-12061\" alt=\"\" srcset=\"https:\/\/soccerdescollines.com\/wp-content\/uploads\/2025\/04\/h2.png 990w, https:\/\/soccerdescollines.com\/wp-content\/uploads\/2025\/04\/h2-300x55.png 300w, https:\/\/soccerdescollines.com\/wp-content\/uploads\/2025\/04\/h2-768x142.png 768w\" sizes=\"(max-width: 800px) 100vw, 800px\" \/>\t\t\t\t\t\t\t\t<\/a>\n\t\t\t\t\t\t\t\t\t\t\t<figcaption class=\"widget-image-caption wp-caption-text\">day 2<\/figcaption>\n\t\t\t\t\t\t\t\t\t\t<\/figure>\n\t\t\t\t\t\t\t\t\t<\/div>\n\t\t\t\t<\/div>\n\t\t\t\t\t<\/div>\n\t\t<\/div>\n\t\t\t\t<div class=\"elementor-column elementor-col-33 elementor-top-column elementor-element elementor-element-8c26115\" data-id=\"8c26115\" data-element_type=\"column\" data-e-type=\"column\">\n\t\t\t<div class=\"elementor-widget-wrap elementor-element-populated\">\n\t\t\t\t\t\t<div class=\"elementor-element elementor-element-18fe020 elementor-widget elementor-widget-theme-post-featured-image elementor-widget-image\" data-id=\"18fe020\" data-element_type=\"widget\" data-e-type=\"widget\" data-widget_type=\"theme-post-featured-image.default\">\n\t\t\t\t<div class=\"elementor-widget-container\">\n\t\t\t\t\t\t\t\t\t\t\t\t<figure class=\"wp-caption\">\n\t\t\t\t\t\t\t\t\t\t\t<a href=\"https:\/\/soccerdescollines.com\/wp-content\/uploads\/2025\/04\/h3.png\">\n\t\t\t\t\t\t\t<img decoding=\"async\" width=\"800\" height=\"161\" src=\"https:\/\/soccerdescollines.com\/wp-content\/uploads\/2025\/04\/h3.png\" class=\"attachment-large size-large wp-image-12063\" alt=\"\" srcset=\"https:\/\/soccerdescollines.com\/wp-content\/uploads\/2025\/04\/h3.png 1021w, https:\/\/soccerdescollines.com\/wp-content\/uploads\/2025\/04\/h3-300x60.png 300w, https:\/\/soccerdescollines.com\/wp-content\/uploads\/2025\/04\/h3-768x154.png 768w\" sizes=\"(max-width: 800px) 100vw, 800px\" \/>\t\t\t\t\t\t\t\t<\/a>\n\t\t\t\t\t\t\t\t\t\t\t<figcaption class=\"widget-image-caption wp-caption-text\">day 3<\/figcaption>\n\t\t\t\t\t\t\t\t\t\t<\/figure>\n\t\t\t\t\t\t\t\t\t<\/div>\n\t\t\t\t<\/div>\n\t\t\t\t\t<\/div>\n\t\t<\/div>\n\t\t\t\t\t<\/div>\n\t\t<\/section>\n\t\t\t\t<section class=\"elementor-section elementor-top-section elementor-element elementor-element-c50ba8d elementor-section-boxed elementor-section-height-default elementor-section-height-default\" data-id=\"c50ba8d\" data-element_type=\"section\" data-e-type=\"section\">\n\t\t\t\t\t\t<div class=\"elementor-container elementor-column-gap-default\">\n\t\t\t\t\t<div class=\"elementor-column elementor-col-100 elementor-top-column elementor-element elementor-element-815a51b\" data-id=\"815a51b\" data-element_type=\"column\" data-e-type=\"column\">\n\t\t\t<div class=\"elementor-widget-wrap elementor-element-populated\">\n\t\t\t\t\t\t<div class=\"elementor-element elementor-element-82a5e34 elementor-widget elementor-widget-heading\" data-id=\"82a5e34\" data-element_type=\"widget\" data-e-type=\"widget\" data-widget_type=\"heading.default\">\n\t\t\t\t<div class=\"elementor-widget-container\">\n\t\t\t\t\t<h2 class=\"elementor-heading-title elementor-size-default\">Women's division<\/h2>\t\t\t\t<\/div>\n\t\t\t\t<\/div>\n\t\t\t\t\t<\/div>\n\t\t<\/div>\n\t\t\t\t\t<\/div>\n\t\t<\/section>\n\t\t\t\t<section class=\"elementor-section elementor-top-section elementor-element elementor-element-bfbc41b elementor-section-boxed elementor-section-height-default elementor-section-height-default\" data-id=\"bfbc41b\" data-element_type=\"section\" data-e-type=\"section\">\n\t\t\t\t\t\t<div class=\"elementor-container elementor-column-gap-default\">\n\t\t\t\t\t<div class=\"elementor-column elementor-col-100 elementor-top-column elementor-element elementor-element-7dd4817\" data-id=\"7dd4817\" data-element_type=\"column\" data-e-type=\"column\">\n\t\t\t<div class=\"elementor-widget-wrap elementor-element-populated\">\n\t\t\t\t\t\t<div class=\"elementor-element elementor-element-9fe4b86 elementor-widget elementor-widget-text-editor\" data-id=\"9fe4b86\" data-element_type=\"widget\" data-e-type=\"widget\" data-widget_type=\"text-editor.default\">\n\t\t\t\t<div class=\"elementor-widget-container\">\n\t\t\t\t\t\t\t\t\t<p><strong>Schedule &#8211; P.A.F<\/strong><\/p><p><strong>U9\/10 Female<\/strong><\/p>\t\t\t\t\t\t\t\t<\/div>\n\t\t\t\t<\/div>\n\t\t\t\t<div class=\"elementor-element elementor-element-fa49543 elementor-widget elementor-widget-image\" data-id=\"fa49543\" data-element_type=\"widget\" data-e-type=\"widget\" data-widget_type=\"image.default\">\n\t\t\t\t<div class=\"elementor-widget-container\">\n\t\t\t\t\t\t\t\t\t\t\t\t\t\t\t\t<a href=\"https:\/\/soccerdescollines.sharepoint.com\/:b:\/g\/EdHVkszWfOhCphtH-YJoL4kBI0peSdxdMjH9v48H9JHVUw?e=pX94CY\">\n\t\t\t\t\t\t\t<img loading=\"lazy\" decoding=\"async\" width=\"300\" height=\"300\" src=\"https:\/\/soccerdescollines.com\/wp-content\/uploads\/2025\/04\/Bleu-Blanc-Minimaliste-Simple-Moderne-Typographic-Ciel-Azur-Galerie-Dart-Logo-300x300.png\" class=\"attachment-medium size-medium wp-image-11802\" alt=\"\" srcset=\"https:\/\/soccerdescollines.com\/wp-content\/uploads\/2025\/04\/Bleu-Blanc-Minimaliste-Simple-Moderne-Typographic-Ciel-Azur-Galerie-Dart-Logo-300x300.png 300w, https:\/\/soccerdescollines.com\/wp-content\/uploads\/2025\/04\/Bleu-Blanc-Minimaliste-Simple-Moderne-Typographic-Ciel-Azur-Galerie-Dart-Logo-150x150.png 150w, https:\/\/soccerdescollines.com\/wp-content\/uploads\/2025\/04\/Bleu-Blanc-Minimaliste-Simple-Moderne-Typographic-Ciel-Azur-Galerie-Dart-Logo.png 500w\" sizes=\"(max-width: 300px) 100vw, 300px\" \/>\t\t\t\t\t\t\t\t<\/a>\n\t\t\t\t\t\t\t\t\t\t\t\t\t\t\t<\/div>\n\t\t\t\t<\/div>\n\t\t\t\t<div class=\"elementor-element elementor-element-3ff73c1 elementor-widget-divider--view-line elementor-widget elementor-widget-divider\" data-id=\"3ff73c1\" data-element_type=\"widget\" data-e-type=\"widget\" data-widget_type=\"divider.default\">\n\t\t\t\t<div class=\"elementor-widget-container\">\n\t\t\t\t\t\t\t<div class=\"elementor-divider\">\n\t\t\t<span class=\"elementor-divider-separator\">\n\t\t\t\t\t\t<\/span>\n\t\t<\/div>\n\t\t\t\t\t\t<\/div>\n\t\t\t\t<\/div>\n\t\t\t\t\t<\/div>\n\t\t<\/div>\n\t\t\t\t\t<\/div>\n\t\t<\/section>\n\t\t\t\t<section class=\"elementor-section elementor-top-section elementor-element elementor-element-efda762 elementor-section-boxed elementor-section-height-default elementor-section-height-default\" data-id=\"efda762\" data-element_type=\"section\" data-e-type=\"section\">\n\t\t\t\t\t\t<div class=\"elementor-container elementor-column-gap-default\">\n\t\t\t\t\t<div class=\"elementor-column elementor-col-100 elementor-top-column elementor-element elementor-element-6c1e1b3\" data-id=\"6c1e1b3\" data-element_type=\"column\" data-e-type=\"column\">\n\t\t\t<div class=\"elementor-widget-wrap elementor-element-populated\">\n\t\t\t\t\t\t<div class=\"elementor-element elementor-element-904fe40 elementor-widget elementor-widget-heading\" data-id=\"904fe40\" data-element_type=\"widget\" data-e-type=\"widget\" data-widget_type=\"heading.default\">\n\t\t\t\t<div class=\"elementor-widget-container\">\n\t\t\t\t\t<h2 class=\"elementor-heading-title elementor-size-default\">Men's division<\/h2>\t\t\t\t<\/div>\n\t\t\t\t<\/div>\n\t\t\t\t\t<\/div>\n\t\t<\/div>\n\t\t\t\t\t<\/div>\n\t\t<\/section>\n\t\t\t\t<section class=\"elementor-section elementor-top-section elementor-element elementor-element-fef2d99 elementor-section-boxed elementor-section-height-default elementor-section-height-default\" data-id=\"fef2d99\" data-element_type=\"section\" data-e-type=\"section\">\n\t\t\t\t\t\t<div class=\"elementor-container elementor-column-gap-default\">\n\t\t\t\t\t<div class=\"elementor-column elementor-col-50 elementor-top-column elementor-element elementor-element-53a8e22\" data-id=\"53a8e22\" data-element_type=\"column\" data-e-type=\"column\">\n\t\t\t<div class=\"elementor-widget-wrap elementor-element-populated\">\n\t\t\t\t\t\t<div class=\"elementor-element elementor-element-5eb8bf6 elementor-widget elementor-widget-text-editor\" data-id=\"5eb8bf6\" data-element_type=\"widget\" data-e-type=\"widget\" data-widget_type=\"text-editor.default\">\n\t\t\t\t<div class=\"elementor-widget-container\">\n\t\t\t\t\t\t\t\t\t<p><strong>Schedule &#8211; P\u00f4le Excellence (CDC 3)<\/strong><\/p><p><strong>U9 M\u00e2le<\/strong><\/p>\t\t\t\t\t\t\t\t<\/div>\n\t\t\t\t<\/div>\n\t\t\t\t<div class=\"elementor-element elementor-element-36f92ce elementor-widget elementor-widget-image\" data-id=\"36f92ce\" data-element_type=\"widget\" data-e-type=\"widget\" data-widget_type=\"image.default\">\n\t\t\t\t<div class=\"elementor-widget-container\">\n\t\t\t\t\t\t\t\t\t\t\t\t\t\t\t\t<a href=\"https:\/\/soccerdescollines.sharepoint.com\/:b:\/g\/EQwY2cYqVqFGoPJs-FeHiiMBIhgWdO7kwd1Eqfk44ai6rQ?e=sQ2eT2\">\n\t\t\t\t\t\t\t<img loading=\"lazy\" decoding=\"async\" width=\"300\" height=\"300\" src=\"https:\/\/soccerdescollines.com\/wp-content\/uploads\/2025\/04\/Slideshow1-300x300.png\" class=\"attachment-medium size-medium wp-image-11804\" alt=\"\" srcset=\"https:\/\/soccerdescollines.com\/wp-content\/uploads\/2025\/04\/Slideshow1-300x300.png 300w, https:\/\/soccerdescollines.com\/wp-content\/uploads\/2025\/04\/Slideshow1-150x150.png 150w, https:\/\/soccerdescollines.com\/wp-content\/uploads\/2025\/04\/Slideshow1.png 500w\" sizes=\"(max-width: 300px) 100vw, 300px\" \/>\t\t\t\t\t\t\t\t<\/a>\n\t\t\t\t\t\t\t\t\t\t\t\t\t\t\t<\/div>\n\t\t\t\t<\/div>\n\t\t\t\t\t<\/div>\n\t\t<\/div>\n\t\t\t\t<div class=\"elementor-column elementor-col-50 elementor-top-column elementor-element elementor-element-b570525\" data-id=\"b570525\" data-element_type=\"column\" data-e-type=\"column\">\n\t\t\t<div class=\"elementor-widget-wrap elementor-element-populated\">\n\t\t\t\t\t\t<div class=\"elementor-element elementor-element-e5b410d elementor-widget elementor-widget-text-editor\" data-id=\"e5b410d\" data-element_type=\"widget\" data-e-type=\"widget\" data-widget_type=\"text-editor.default\">\n\t\t\t\t<div class=\"elementor-widget-container\">\n\t\t\t\t\t\t\t\t\t<p><strong>Schedule &#8211; P\u00f4le Excellence (CDC 3)<\/strong><\/p><p><strong>U10 M\u00e2le<\/strong><\/p>\t\t\t\t\t\t\t\t<\/div>\n\t\t\t\t<\/div>\n\t\t\t\t<div class=\"elementor-element elementor-element-caab9bb elementor-widget elementor-widget-image\" data-id=\"caab9bb\" data-element_type=\"widget\" data-e-type=\"widget\" data-widget_type=\"image.default\">\n\t\t\t\t<div class=\"elementor-widget-container\">\n\t\t\t\t\t\t\t\t\t\t\t\t\t\t\t\t<a href=\"https:\/\/soccerdescollines.sharepoint.com\/:b:\/g\/EedDNqtgiL9ArQltgW7FIoMBx0en134WiPmAfFBssJXo5A?e=tQ3tba\">\n\t\t\t\t\t\t\t<img loading=\"lazy\" decoding=\"async\" width=\"300\" height=\"300\" src=\"https:\/\/soccerdescollines.com\/wp-content\/uploads\/2025\/04\/slideshow-300x300.png\" class=\"attachment-medium size-medium wp-image-11810\" alt=\"\" srcset=\"https:\/\/soccerdescollines.com\/wp-content\/uploads\/2025\/04\/slideshow-300x300.png 300w, https:\/\/soccerdescollines.com\/wp-content\/uploads\/2025\/04\/slideshow-150x150.png 150w, https:\/\/soccerdescollines.com\/wp-content\/uploads\/2025\/04\/slideshow.png 500w\" sizes=\"(max-width: 300px) 100vw, 300px\" \/>\t\t\t\t\t\t\t\t<\/a>\n\t\t\t\t\t\t\t\t\t\t\t\t\t\t\t<\/div>\n\t\t\t\t<\/div>\n\t\t\t\t\t<\/div>\n\t\t<\/div>\n\t\t\t\t\t<\/div>\n\t\t<\/section>\n\t\t\t\t<\/div>\n\t\t","protected":false},"excerpt":{"rendered":"<p>Women&#8217;s division Schedule &#8211; P.A.F U9\/10 Female Men&#8217;s division Schedule &#8211; P\u00f4le Excellence (CDC 3) U9 M\u00e2le Schedule &#8211; P\u00f4le Excellence (CDC 3) U10 M\u00e2le<\/p>\n","protected":false},"author":3,"featured_media":0,"parent":0,"menu_order":0,"comment_status":"closed","ping_status":"closed","template":"","meta":{"_monsterinsights_skip_tracking":false,"_monsterinsights_sitenote_active":false,"_monsterinsights_sitenote_note":"","_monsterinsights_sitenote_category":0,"_price":"","_stock":"","_tribe_ticket_header":"","_tribe_default_ticket_provider":"","_tribe_ticket_capacity":"0","_ticket_start_date":"","_ticket_end_date":"","_tribe_ticket_show_description":"","_tribe_ticket_show_not_going":false,"_tribe_ticket_use_global_stock":"","_tribe_ticket_global_stock_level":"","_global_stock_mode":"","_global_stock_cap":"","_tribe_rsvp_for_event":"","_tribe_ticket_going_count":"","_tribe_ticket_not_going_count":"","_tribe_tickets_list":"[]","_tribe_ticket_has_attendee_info_fields":false,"footnotes":"","_tec_slr_enabled":"","_tec_slr_layout":""},"class_list":["post-11853","page","type-page","status-publish","hentry"],"aioseo_notices":[],"ticketed":false,"_links":{"self":[{"href":"https:\/\/soccerdescollines.com\/en\/wp-json\/wp\/v2\/pages\/11853","targetHints":{"allow":["GET"]}}],"collection":[{"href":"https:\/\/soccerdescollines.com\/en\/wp-json\/wp\/v2\/pages"}],"about":[{"href":"https:\/\/soccerdescollines.com\/en\/wp-json\/wp\/v2\/types\/page"}],"author":[{"embeddable":true,"href":"https:\/\/soccerdescollines.com\/en\/wp-json\/wp\/v2\/users\/3"}],"replies":[{"embeddable":true,"href":"https:\/\/soccerdescollines.com\/en\/wp-json\/wp\/v2\/comments?post=11853"}],"version-history":[{"count":6,"href":"https:\/\/soccerdescollines.com\/en\/wp-json\/wp\/v2\/pages\/11853\/revisions"}],"predecessor-version":[{"id":12109,"href":"https:\/\/soccerdescollines.com\/en\/wp-json\/wp\/v2\/pages\/11853\/revisions\/12109"}],"wp:attachment":[{"href":"https:\/\/soccerdescollines.com\/en\/wp-json\/wp\/v2\/media?parent=11853"}],"curies":[{"name":"wp","href":"https:\/\/api.w.org\/{rel}","templated":true}]}}