{"id":1054,"date":"2022-03-22T13:25:43","date_gmt":"2022-03-22T17:25:43","guid":{"rendered":"https:\/\/soccerdescollines.com\/avertissement-de-chaleur\/"},"modified":"2024-03-26T15:44:51","modified_gmt":"2024-03-26T19:44:51","slug":"weather","status":"publish","type":"page","link":"https:\/\/soccerdescollines.com\/en\/weather\/","title":{"rendered":"Weather"},"content":{"rendered":"\t\t<div data-elementor-type=\"wp-page\" data-elementor-id=\"1054\" class=\"elementor elementor-1054 elementor-1044\" data-elementor-post-type=\"page\">\n\t\t\t\t\t\t<section class=\"elementor-section elementor-top-section elementor-element elementor-element-53ad1c49 elementor-section-boxed elementor-section-height-default elementor-section-height-default\" data-id=\"53ad1c49\" data-element_type=\"section\" data-e-type=\"section\">\n\t\t\t\t\t\t<div class=\"elementor-container elementor-column-gap-default\">\n\t\t\t\t\t<div class=\"elementor-column elementor-col-100 elementor-top-column elementor-element elementor-element-5366a93f\" data-id=\"5366a93f\" data-element_type=\"column\" data-e-type=\"column\">\n\t\t\t<div class=\"elementor-widget-wrap elementor-element-populated\">\n\t\t\t\t\t\t<div class=\"elementor-element elementor-element-4f5b863c elementor-widget elementor-widget-text-editor\" data-id=\"4f5b863c\" data-element_type=\"widget\" data-e-type=\"widget\" data-widget_type=\"text-editor.default\">\n\t\t\t\t<div class=\"elementor-widget-container\">\n\t\t\t\t\t\t\t\t\t<h3>Rain or storm warning<\/h3><p>Weather: In soccer, we play even in the rain. Practices are at the discretion of your coach, but the only time games are cancelled in advance is when it is possible for Clubs or the municipality to confirm that the field is unplayable (e.g. large puddles). This assessment is made at approximately 4:00 p.m. and a message can then be sent to the teams concerned. When it is not possible to cancel in advance because it starts raining in the evening or because there is a storm watch, you must show up at the field. The referee has the authority to make the decision based on the conditions at the field.<\/p><p>\u00a0<\/p><h3>Heat Warnings<\/h3><p>Unless there is a Soccer Outaouais announcement by 3PM the day of a game, all games are played as scheduled.<\/p><p>If you want to cancel a game yourself, you will have to use the regular procedure\u202f(you must come to an agreement with the other coach and obtain authorization from Soccer Outaouais.).<\/p><p>The good news is that\u202fby the evening, the temperature has usually cooled a fair bit.\u202f Bring lots of water and ask the\u202frefs for\u202fadditional water breaks.<\/p><p>Please keep in mind that if you decide not to play, you can\u2019t just not show up or your team\u202fwill be fined and Soccer\u202fdes Collines is not responsible for the cost of these fines.\u202f Even if you don\u2019t play, but you have enough players on the field at the game time start, it will be a forfeit, rather than a fine.<\/p><p>More information (French Only)<\/p><p><a href=\"\/wp-content\/uploads\/2022\/03\/Recommandations-Chaleurs-extremes.pdf\">Recommandations-Chaleurs-extr\u00eames<\/a><\/p><p><a href=\"\/wp-content\/uploads\/2022\/03\/Infographie-chaleur-officielle-avec-mention-regions.pdf\">Infographie-chaleur-officielle-avec-mention-r\u00e9gions<\/a><\/p><p><a href=\"\/wp-content\/uploads\/2022\/03\/Procedures-Chaleurs-accablantes-et-temperatures-extremes-prevues-LSEQ....pdf\">Proc\u00e9dures-Chaleurs-accablantes-et-temp\u00e9ratures-extr\u00eames-pr\u00e9vues-LSEQ&#8230;<\/a><\/p><p>\u00a0<\/p>\t\t\t\t\t\t\t\t<\/div>\n\t\t\t\t<\/div>\n\t\t\t\t\t<\/div>\n\t\t<\/div>\n\t\t\t\t\t<\/div>\n\t\t<\/section>\n\t\t\t\t<\/div>\n\t\t","protected":false},"excerpt":{"rendered":"<p>Rain or storm warning Weather: In soccer, we play even in the rain. Practices are at the discretion of your coach, but the only time games are cancelled in advance is when it is possible for Clubs or the municipality to confirm that the field is unplayable (e.g. large puddles). This assessment is made at [&hellip;]<\/p>\n","protected":false},"author":1,"featured_media":0,"parent":0,"menu_order":0,"comment_status":"closed","ping_status":"closed","template":"","meta":{"_monsterinsights_skip_tracking":false,"_monsterinsights_sitenote_active":false,"_monsterinsights_sitenote_note":"","_monsterinsights_sitenote_category":0,"_price":"","_stock":"","_tribe_ticket_header":"","_tribe_default_ticket_provider":"","_tribe_ticket_capacity":"0","_ticket_start_date":"","_ticket_end_date":"","_tribe_ticket_show_description":"","_tribe_ticket_show_not_going":false,"_tribe_ticket_use_global_stock":"","_tribe_ticket_global_stock_level":"","_global_stock_mode":"","_global_stock_cap":"","_tribe_rsvp_for_event":"","_tribe_ticket_going_count":"","_tribe_ticket_not_going_count":"","_tribe_tickets_list":"[]","_tribe_ticket_has_attendee_info_fields":false,"footnotes":"","_tec_slr_enabled":"","_tec_slr_layout":""},"class_list":["post-1054","page","type-page","status-publish","hentry"],"aioseo_notices":[],"ticketed":false,"_links":{"self":[{"href":"https:\/\/soccerdescollines.com\/en\/wp-json\/wp\/v2\/pages\/1054","targetHints":{"allow":["GET"]}}],"collection":[{"href":"https:\/\/soccerdescollines.com\/en\/wp-json\/wp\/v2\/pages"}],"about":[{"href":"https:\/\/soccerdescollines.com\/en\/wp-json\/wp\/v2\/types\/page"}],"author":[{"embeddable":true,"href":"https:\/\/soccerdescollines.com\/en\/wp-json\/wp\/v2\/users\/1"}],"replies":[{"embeddable":true,"href":"https:\/\/soccerdescollines.com\/en\/wp-json\/wp\/v2\/comments?post=1054"}],"version-history":[{"count":10,"href":"https:\/\/soccerdescollines.com\/en\/wp-json\/wp\/v2\/pages\/1054\/revisions"}],"predecessor-version":[{"id":8372,"href":"https:\/\/soccerdescollines.com\/en\/wp-json\/wp\/v2\/pages\/1054\/revisions\/8372"}],"wp:attachment":[{"href":"https:\/\/soccerdescollines.com\/en\/wp-json\/wp\/v2\/media?parent=1054"}],"curies":[{"name":"wp","href":"https:\/\/api.w.org\/{rel}","templated":true}]}}